{"id":14,"date":"2014-06-16T18:48:10","date_gmt":"2014-06-16T17:48:10","guid":{"rendered":"http:\/\/temp.asped.cz\/?page_id=14"},"modified":"2020-12-21T08:49:53","modified_gmt":"2020-12-21T07:49:53","slug":"kontakty","status":"publish","type":"page","link":"https:\/\/www.asped.cz\/?page_id=14","title":{"rendered":"Kontakty"},"content":{"rendered":"<p><b>Asped s.r.o.<br \/>\n<\/b>Lidick\u00e1 1002<br \/>\nCZ-271 01 Nov\u00e9 Stra\u0161ec\u00ed<br \/>\n<b><br \/>\nTel.: \u00a0\u00a0\u00a0<\/b>+420 313 502 371<b><br \/>\nE-mail: <\/b>asped@asped.cz<\/p>\n<p><a href=\"https:\/\/www.asped.cz\/wp-content\/uploads\/2020\/12\/logo_asped.jpg\"><img loading=\"lazy\" decoding=\"async\" class=\"alignnone size-medium wp-image-90\" src=\"https:\/\/www.asped.cz\/wp-content\/uploads\/2020\/12\/logo_asped-300x94.jpg\" alt=\"\" width=\"300\" height=\"94\" srcset=\"https:\/\/www.asped.cz\/wp-content\/uploads\/2020\/12\/logo_asped-300x94.jpg 300w, https:\/\/www.asped.cz\/wp-content\/uploads\/2020\/12\/logo_asped-768x240.jpg 768w, https:\/\/www.asped.cz\/wp-content\/uploads\/2020\/12\/logo_asped-1024x320.jpg 1024w, https:\/\/www.asped.cz\/wp-content\/uploads\/2020\/12\/logo_asped-624x195.jpg 624w, https:\/\/www.asped.cz\/wp-content\/uploads\/2020\/12\/logo_asped.jpg 1985w\" sizes=\"auto, (max-width: 300px) 100vw, 300px\" \/><\/a><\/p>\n","protected":false},"excerpt":{"rendered":"<p>Asped s.r.o. Lidick\u00e1 1002 CZ-271 01 Nov\u00e9 Stra\u0161ec\u00ed Tel.: \u00a0\u00a0\u00a0+420 313 502 371 E-mail: asped@asped.cz<\/p>\n","protected":false},"author":1,"featured_media":0,"parent":0,"menu_order":0,"comment_status":"open","ping_status":"open","template":"","meta":{"footnotes":""},"class_list":["post-14","page","type-page","status-publish","hentry"],"_links":{"self":[{"href":"https:\/\/www.asped.cz\/index.php?rest_route=\/wp\/v2\/pages\/14","targetHints":{"allow":["GET"]}}],"collection":[{"href":"https:\/\/www.asped.cz\/index.php?rest_route=\/wp\/v2\/pages"}],"about":[{"href":"https:\/\/www.asped.cz\/index.php?rest_route=\/wp\/v2\/types\/page"}],"author":[{"embeddable":true,"href":"https:\/\/www.asped.cz\/index.php?rest_route=\/wp\/v2\/users\/1"}],"replies":[{"embeddable":true,"href":"https:\/\/www.asped.cz\/index.php?rest_route=%2Fwp%2Fv2%2Fcomments&post=14"}],"version-history":[{"count":6,"href":"https:\/\/www.asped.cz\/index.php?rest_route=\/wp\/v2\/pages\/14\/revisions"}],"predecessor-version":[{"id":93,"href":"https:\/\/www.asped.cz\/index.php?rest_route=\/wp\/v2\/pages\/14\/revisions\/93"}],"wp:attachment":[{"href":"https:\/\/www.asped.cz\/index.php?rest_route=%2Fwp%2Fv2%2Fmedia&parent=14"}],"curies":[{"name":"wp","href":"https:\/\/api.w.org\/{rel}","templated":true}]}}