{"id":17,"date":"2014-06-16T18:58:42","date_gmt":"2014-06-16T17:58:42","guid":{"rendered":"http:\/\/temp.asped.cz\/?page_id=17"},"modified":"2017-09-23T20:13:26","modified_gmt":"2017-09-23T19:13:26","slug":"de","status":"publish","type":"page","link":"https:\/\/www.asped.cz\/?page_id=17","title":{"rendered":"\u00dcBER UNS"},"content":{"rendered":"<p lang=\"de-DE\"><span style=\"font-family: Arial, sans-serif;\">Die Firma Asped GmbH war in Jahr 1993 gegr\u00fcndet. Wir sorgen f\u00fcr erstklassige Speditionleistungen durch die Erfahrung eines europaweit liefernden Spediteurs mit vielseitigen Spezial-Knowhow und durch die Flexibilit\u00e4t eines mittelst\u00e4ndischen Unternehmens, in dem die eine Hand immer weiss, was die andere tut.<\/span><\/p>\n<p lang=\"de-DE\">\u00a0<span style=\"font-family: Arial, sans-serif;\">Wir wissen, das zu einem Speditionsgesch\u00e4ft ein umfassendes Leistungspaket geh\u00f6rt, mit dem alle Aufgaben der modernen Logistik.<\/span><\/p>\n<p lang=\"de-DE\">\u00a0<span style=\"font-family: Arial, sans-serif;\">Wir speditieren zu Land, Luft und See.<\/span><\/p>\n<p lang=\"de-DE\">\u00a0<span style=\"font-family: Arial, sans-serif;\">Wir bieten Ihnen p\u00fcnktliche und zuverl\u00e4ssige Lieferungen von St\u00fcckgut-, Teil- oder Komplettladungen an. Dazu geh\u00f6rt selbstverst\u00e4ndlich komplette Im- und Exportabwicklung, Abwicklung des kompletten Zollverkehrs und Sonderleistungen, in den verschiedensten Bereichen.<\/span><\/p>\n<p lang=\"de-DE\">\u00a0<span style=\"font-family: Arial, sans-serif;\">Wir k\u00f6nnen Ihnen bei der Beratung und der Abwicklung das beste bieten.<\/span><\/p>\n<p lang=\"de-DE\">\u00a0<span style=\"font-family: Arial, sans-serif;\">Sie bekommen von uns komplette Frachtservice aus einer Hand.<\/span><\/p>\n<p lang=\"\"><span style=\"font-family: Arial, sans-serif;\">FORDERN SIE UNS !<\/span><\/p>\n","protected":false},"excerpt":{"rendered":"<p>Die Firma Asped GmbH war in Jahr 1993 gegr\u00fcndet. Wir sorgen f\u00fcr erstklassige Speditionleistungen durch die Erfahrung eines europaweit liefernden Spediteurs mit vielseitigen Spezial-Knowhow und durch die Flexibilit\u00e4t eines mittelst\u00e4ndischen Unternehmens, in dem die eine Hand immer weiss, was die andere tut. \u00a0Wir wissen, das zu einem Speditionsgesch\u00e4ft ein umfassendes Leistungspaket geh\u00f6rt, mit dem alle [&hellip;]<\/p>\n","protected":false},"author":1,"featured_media":0,"parent":6,"menu_order":0,"comment_status":"closed","ping_status":"closed","template":"","meta":{"footnotes":""},"class_list":["post-17","page","type-page","status-publish","hentry"],"_links":{"self":[{"href":"https:\/\/www.asped.cz\/index.php?rest_route=\/wp\/v2\/pages\/17","targetHints":{"allow":["GET"]}}],"collection":[{"href":"https:\/\/www.asped.cz\/index.php?rest_route=\/wp\/v2\/pages"}],"about":[{"href":"https:\/\/www.asped.cz\/index.php?rest_route=\/wp\/v2\/types\/page"}],"author":[{"embeddable":true,"href":"https:\/\/www.asped.cz\/index.php?rest_route=\/wp\/v2\/users\/1"}],"replies":[{"embeddable":true,"href":"https:\/\/www.asped.cz\/index.php?rest_route=%2Fwp%2Fv2%2Fcomments&post=17"}],"version-history":[{"count":5,"href":"https:\/\/www.asped.cz\/index.php?rest_route=\/wp\/v2\/pages\/17\/revisions"}],"predecessor-version":[{"id":29,"href":"https:\/\/www.asped.cz\/index.php?rest_route=\/wp\/v2\/pages\/17\/revisions\/29"}],"up":[{"embeddable":true,"href":"https:\/\/www.asped.cz\/index.php?rest_route=\/wp\/v2\/pages\/6"}],"wp:attachment":[{"href":"https:\/\/www.asped.cz\/index.php?rest_route=%2Fwp%2Fv2%2Fmedia&parent=17"}],"curies":[{"name":"wp","href":"https:\/\/api.w.org\/{rel}","templated":true}]}}