{"id":6,"date":"2014-06-16T17:05:04","date_gmt":"2014-06-16T16:05:04","guid":{"rendered":"http:\/\/temp.asped.cz\/?page_id=6"},"modified":"2014-07-06T20:59:51","modified_gmt":"2014-07-06T19:59:51","slug":"o-nas","status":"publish","type":"page","link":"https:\/\/www.asped.cz\/","title":{"rendered":"O N\u00c1S"},"content":{"rendered":"<p>Spole\u010dnost Asped s.r.o. jsme zalo\u017eili v\u00a0roce 1993. Zaji\u0161\u0165ujeme prvot\u0159\u00eddn\u00ed spedi\u010dn\u00ed a dopravn\u00ed slu\u017eby na z\u00e1klad\u011b na\u0161ich celoevropsk\u00fdch zku\u0161enost\u00ed v\u00a0oboru a flexibility st\u0159edn\u011b velk\u00e9 spole\u010dnosti, kde jedna ruka v\u00ed co druh\u00e1 ruka d\u011bl\u00e1.<\/p>\n<p>Je n\u00e1m jasn\u00e9, \u017ee dne\u0161n\u00ed spedi\u010dn\u00ed \u010dinnost zahrnuje \u0159e\u0161en\u00ed komplexn\u00edch \u00fakol\u016f modern\u00ed logistiky. Proto nab\u00edz\u00edme vlastn\u00ed vozov\u00fd park, manipula\u010dn\u00ed techniku a skladovac\u00ed prostory.<\/p>\n<p>Zab\u00fdv\u00e1me se p\u0159edev\u0161\u00edm spedic\u00ed silni\u010dn\u00ed, ale z\u00e1rove\u0148 zaji\u0161\u0165ujeme pro na\u0161e st\u00e1l\u00e9 obchodn\u00ed partnery i dopravu n\u00e1mo\u0159n\u00ed, \u017eelezni\u010dn\u00ed a leteckou.<\/p>\n<p>Od n\u00e1s obdr\u017e\u00edte kompletn\u00ed servis pro p\u0159epravu zbo\u017e\u00ed z\u00a0jedn\u00e9 ruky.<\/p>\n<p><span style=\"color: #000080;\"><strong><a title=\"\u00dcBER UNS\" href=\"http:\/\/www.asped.cz\/?page_id=17\"><span style=\"color: #000080;\">Deutsche version<\/span><\/a>\u00a0\/\u00a0<a title=\"ABOUT US\" href=\"http:\/\/www.asped.cz\/?page_id=34\"><span style=\"color: #000080;\">English version<\/span><\/a><\/strong><\/span><\/p>\n","protected":false},"excerpt":{"rendered":"<p>Spole\u010dnost Asped s.r.o. jsme zalo\u017eili v\u00a0roce 1993. Zaji\u0161\u0165ujeme prvot\u0159\u00eddn\u00ed spedi\u010dn\u00ed a dopravn\u00ed slu\u017eby na z\u00e1klad\u011b na\u0161ich celoevropsk\u00fdch zku\u0161enost\u00ed v\u00a0oboru a flexibility st\u0159edn\u011b velk\u00e9 spole\u010dnosti, kde jedna ruka v\u00ed co druh\u00e1 ruka d\u011bl\u00e1. Je n\u00e1m jasn\u00e9, \u017ee dne\u0161n\u00ed spedi\u010dn\u00ed \u010dinnost zahrnuje \u0159e\u0161en\u00ed komplexn\u00edch \u00fakol\u016f modern\u00ed logistiky. Proto nab\u00edz\u00edme vlastn\u00ed vozov\u00fd park, manipula\u010dn\u00ed techniku a skladovac\u00ed prostory. [&hellip;]<\/p>\n","protected":false},"author":1,"featured_media":0,"parent":0,"menu_order":0,"comment_status":"open","ping_status":"open","template":"page-templates\/front-page.php","meta":{"footnotes":""},"class_list":["post-6","page","type-page","status-publish","hentry"],"_links":{"self":[{"href":"https:\/\/www.asped.cz\/index.php?rest_route=\/wp\/v2\/pages\/6","targetHints":{"allow":["GET"]}}],"collection":[{"href":"https:\/\/www.asped.cz\/index.php?rest_route=\/wp\/v2\/pages"}],"about":[{"href":"https:\/\/www.asped.cz\/index.php?rest_route=\/wp\/v2\/types\/page"}],"author":[{"embeddable":true,"href":"https:\/\/www.asped.cz\/index.php?rest_route=\/wp\/v2\/users\/1"}],"replies":[{"embeddable":true,"href":"https:\/\/www.asped.cz\/index.php?rest_route=%2Fwp%2Fv2%2Fcomments&post=6"}],"version-history":[{"count":7,"href":"https:\/\/www.asped.cz\/index.php?rest_route=\/wp\/v2\/pages\/6\/revisions"}],"predecessor-version":[{"id":41,"href":"https:\/\/www.asped.cz\/index.php?rest_route=\/wp\/v2\/pages\/6\/revisions\/41"}],"wp:attachment":[{"href":"https:\/\/www.asped.cz\/index.php?rest_route=%2Fwp%2Fv2%2Fmedia&parent=6"}],"curies":[{"name":"wp","href":"https:\/\/api.w.org\/{rel}","templated":true}]}}